{"id":317,"date":"2025-05-19T23:04:46","date_gmt":"2025-05-19T21:04:46","guid":{"rendered":"https:\/\/sunatiger.ch\/wordpress\/?page_id=317"},"modified":"2026-01-08T16:09:54","modified_gmt":"2026-01-08T14:09:54","slug":"kurse","status":"publish","type":"page","link":"https:\/\/sunatiger.ch\/wordpress\/index.php\/bergerlebnisse\/kurse\/","title":{"rendered":"Kurse"},"content":{"rendered":"\n<h2 class=\"wp-block-heading has-green-color has-text-color has-link-color wp-elements-59d3b160c1dd05bb74f02c26cb8aaa6b\">Lawinenkurse<\/h2>\n\n\n\n<p>Die Sch\u00f6nheiten, die uns die winterlich verschneite Bergwelt bietet, birgt auch Gefahren und Risiken. Diese k\u00f6nnen minimiert werden, je  mehr Wissen \u00fcber Schnee, Wetterlage und der daraus resultierenden Lawinengefahr vermittelt wird. Gemeinsam sicher unterwegs sein!<\/p>\n\n\n\n<div class=\"wp-block-columns is-layout-flex wp-container-core-columns-is-layout-9d6595d7 wp-block-columns-is-layout-flex\">\n<div class=\"wp-block-column is-layout-flow wp-block-column-is-layout-flow\"><\/div>\n<\/div>\n\n\n\n<div class=\"wp-block-columns is-layout-flex wp-container-core-columns-is-layout-9d6595d7 wp-block-columns-is-layout-flex\">\n<div class=\"wp-block-column is-layout-flow wp-block-column-is-layout-flow\">\n<figure class=\"wp-block-image size-large\"><img loading=\"lazy\" decoding=\"async\" width=\"768\" height=\"1024\" src=\"https:\/\/sunatiger.ch\/wordpress\/wp-content\/uploads\/2025\/05\/IMG_2648-768x1024.jpg\" alt=\"\" class=\"wp-image-176\" srcset=\"https:\/\/sunatiger.ch\/wordpress\/wp-content\/uploads\/2025\/05\/IMG_2648-768x1024.jpg 768w, https:\/\/sunatiger.ch\/wordpress\/wp-content\/uploads\/2025\/05\/IMG_2648-225x300.jpg 225w, https:\/\/sunatiger.ch\/wordpress\/wp-content\/uploads\/2025\/05\/IMG_2648-1152x1536.jpg 1152w, https:\/\/sunatiger.ch\/wordpress\/wp-content\/uploads\/2025\/05\/IMG_2648-1536x2048.jpg 1536w, https:\/\/sunatiger.ch\/wordpress\/wp-content\/uploads\/2025\/05\/IMG_2648-scaled.jpg 1920w\" sizes=\"auto, (max-width: 768px) 100vw, 768px\" \/><\/figure>\n<\/div>\n\n\n\n<div class=\"wp-block-column is-layout-flow wp-block-column-is-layout-flow\">\n<figure class=\"wp-block-image size-large\"><img loading=\"lazy\" decoding=\"async\" width=\"768\" height=\"1024\" src=\"https:\/\/sunatiger.ch\/wordpress\/wp-content\/uploads\/2025\/05\/UVMT9858-1-768x1024.jpg\" alt=\"\" class=\"wp-image-181\" srcset=\"https:\/\/sunatiger.ch\/wordpress\/wp-content\/uploads\/2025\/05\/UVMT9858-1-768x1024.jpg 768w, https:\/\/sunatiger.ch\/wordpress\/wp-content\/uploads\/2025\/05\/UVMT9858-1-225x300.jpg 225w, https:\/\/sunatiger.ch\/wordpress\/wp-content\/uploads\/2025\/05\/UVMT9858-1-1152x1536.jpg 1152w, https:\/\/sunatiger.ch\/wordpress\/wp-content\/uploads\/2025\/05\/UVMT9858-1.jpg 1512w\" sizes=\"auto, (max-width: 768px) 100vw, 768px\" \/><\/figure>\n<\/div>\n<\/div>\n\n\n\n<h2 class=\"wp-block-heading has-green-color has-text-color has-link-color wp-elements-9ef79405886034a009843149a787983a\">Kletterkurse<\/h2>\n\n\n\n<p>Gesichert durch ein solides Seil, hoch \u00fcber dem Boden die kantigen Felsw\u00e4nde erklimmen. Durch die am Kletterkurs erworbene und optimierte Sicherheit und F\u00e4higkeiten kann uns nichts aufhalten. Die Wand ist bezwungen. Der Atem f\u00e4ngt die Freiheit ein.<\/p>\n\n\n\n<figure class=\"wp-block-image size-large\"><img loading=\"lazy\" decoding=\"async\" width=\"1024\" height=\"768\" src=\"https:\/\/sunatiger.ch\/wordpress\/wp-content\/uploads\/2025\/05\/IMG_1450-1024x768.jpg\" alt=\"\" class=\"wp-image-174\" srcset=\"https:\/\/sunatiger.ch\/wordpress\/wp-content\/uploads\/2025\/05\/IMG_1450-1024x768.jpg 1024w, https:\/\/sunatiger.ch\/wordpress\/wp-content\/uploads\/2025\/05\/IMG_1450-300x225.jpg 300w, https:\/\/sunatiger.ch\/wordpress\/wp-content\/uploads\/2025\/05\/IMG_1450-768x576.jpg 768w, https:\/\/sunatiger.ch\/wordpress\/wp-content\/uploads\/2025\/05\/IMG_1450-1536x1152.jpg 1536w, https:\/\/sunatiger.ch\/wordpress\/wp-content\/uploads\/2025\/05\/IMG_1450-2048x1536.jpg 2048w\" sizes=\"auto, (max-width: 1024px) 100vw, 1024px\" \/><\/figure>\n\n\n\n<div class=\"wp-block-columns is-layout-flex wp-container-core-columns-is-layout-9d6595d7 wp-block-columns-is-layout-flex\">\n<div class=\"wp-block-column is-layout-flow wp-block-column-is-layout-flow\">\n<figure class=\"wp-block-image size-large\"><img loading=\"lazy\" decoding=\"async\" width=\"768\" height=\"1024\" src=\"https:\/\/sunatiger.ch\/wordpress\/wp-content\/uploads\/2025\/05\/IMG_0822-768x1024.jpg\" alt=\"\" class=\"wp-image-173\" srcset=\"https:\/\/sunatiger.ch\/wordpress\/wp-content\/uploads\/2025\/05\/IMG_0822-768x1024.jpg 768w, https:\/\/sunatiger.ch\/wordpress\/wp-content\/uploads\/2025\/05\/IMG_0822-225x300.jpg 225w, https:\/\/sunatiger.ch\/wordpress\/wp-content\/uploads\/2025\/05\/IMG_0822-1152x1536.jpg 1152w, https:\/\/sunatiger.ch\/wordpress\/wp-content\/uploads\/2025\/05\/IMG_0822-1536x2048.jpg 1536w, https:\/\/sunatiger.ch\/wordpress\/wp-content\/uploads\/2025\/05\/IMG_0822-scaled.jpg 1920w\" sizes=\"auto, (max-width: 768px) 100vw, 768px\" \/><\/figure>\n<\/div>\n\n\n\n<div class=\"wp-block-column is-layout-flow wp-block-column-is-layout-flow\">\n<figure class=\"wp-block-image size-large\"><img loading=\"lazy\" decoding=\"async\" width=\"768\" height=\"1024\" src=\"https:\/\/sunatiger.ch\/wordpress\/wp-content\/uploads\/2025\/05\/IMG_2028-768x1024.jpg\" alt=\"\" class=\"wp-image-138\" srcset=\"https:\/\/sunatiger.ch\/wordpress\/wp-content\/uploads\/2025\/05\/IMG_2028-768x1024.jpg 768w, https:\/\/sunatiger.ch\/wordpress\/wp-content\/uploads\/2025\/05\/IMG_2028-225x300.jpg 225w, https:\/\/sunatiger.ch\/wordpress\/wp-content\/uploads\/2025\/05\/IMG_2028-1152x1536.jpg 1152w, https:\/\/sunatiger.ch\/wordpress\/wp-content\/uploads\/2025\/05\/IMG_2028-1536x2048.jpg 1536w, https:\/\/sunatiger.ch\/wordpress\/wp-content\/uploads\/2025\/05\/IMG_2028-scaled.jpg 1920w\" sizes=\"auto, (max-width: 768px) 100vw, 768px\" \/><\/figure>\n<\/div>\n<\/div>\n\n\n\n<h2 class=\"wp-block-heading has-green-color has-text-color has-link-color wp-elements-d88b091526dc1012463e8a8496eb1bae\">Hochtourenkurse<\/h2>\n\n\n\n<p>Eigenverantwortlich auf Bergtouren zu gehen, bedarf einem grossen, fundierten Wissen. Schnelle Wetterumbr\u00fcche, Zeitdruck, mangelnde Fitness k\u00f6nnen zu unangenehmen Situationen am Berg f\u00fchren.  Um dies zu vermeiden, ist eine gute Tourenplanung unerl\u00e4sslich. Ein Startschuss f\u00fcr dieses Wissen bringt der zweit\u00e4gige Grundkurs.<\/p>\n\n\n\n<p><\/p>\n\n\n\n<figure data-wp-context=\"{&quot;imageId&quot;:&quot;69ea593d8ad7a&quot;}\" data-wp-interactive=\"core\/image\" data-wp-key=\"69ea593d8ad7a\" class=\"wp-block-image size-large wp-lightbox-container\"><img loading=\"lazy\" decoding=\"async\" width=\"1024\" height=\"283\" data-wp-class--hide=\"state.isContentHidden\" data-wp-class--show=\"state.isContentVisible\" data-wp-init=\"callbacks.setButtonStyles\" data-wp-on--click=\"actions.showLightbox\" data-wp-on--load=\"callbacks.setButtonStyles\" data-wp-on-window--resize=\"callbacks.setButtonStyles\" src=\"https:\/\/sunatiger.ch\/wordpress\/wp-content\/uploads\/2025\/05\/IMG_1523-1024x283.jpg\" alt=\"\" class=\"wp-image-93\" srcset=\"https:\/\/sunatiger.ch\/wordpress\/wp-content\/uploads\/2025\/05\/IMG_1523-1024x283.jpg 1024w, https:\/\/sunatiger.ch\/wordpress\/wp-content\/uploads\/2025\/05\/IMG_1523-300x83.jpg 300w, https:\/\/sunatiger.ch\/wordpress\/wp-content\/uploads\/2025\/05\/IMG_1523-768x213.jpg 768w, https:\/\/sunatiger.ch\/wordpress\/wp-content\/uploads\/2025\/05\/IMG_1523-1536x425.jpg 1536w, https:\/\/sunatiger.ch\/wordpress\/wp-content\/uploads\/2025\/05\/IMG_1523-2048x567.jpg 2048w\" sizes=\"auto, (max-width: 1024px) 100vw, 1024px\" \/><button\n\t\t\tclass=\"lightbox-trigger\"\n\t\t\ttype=\"button\"\n\t\t\taria-haspopup=\"dialog\"\n\t\t\taria-label=\"Vergr\u00f6\u00dfern\"\n\t\t\tdata-wp-init=\"callbacks.initTriggerButton\"\n\t\t\tdata-wp-on--click=\"actions.showLightbox\"\n\t\t\tdata-wp-style--right=\"state.imageButtonRight\"\n\t\t\tdata-wp-style--top=\"state.imageButtonTop\"\n\t\t>\n\t\t\t<svg xmlns=\"http:\/\/www.w3.org\/2000\/svg\" width=\"12\" height=\"12\" fill=\"none\" viewBox=\"0 0 12 12\">\n\t\t\t\t<path fill=\"#fff\" d=\"M2 0a2 2 0 0 0-2 2v2h1.5V2a.5.5 0 0 1 .5-.5h2V0H2Zm2 10.5H2a.5.5 0 0 1-.5-.5V8H0v2a2 2 0 0 0 2 2h2v-1.5ZM8 12v-1.5h2a.5.5 0 0 0 .5-.5V8H12v2a2 2 0 0 1-2 2H8Zm2-12a2 2 0 0 1 2 2v2h-1.5V2a.5.5 0 0 0-.5-.5H8V0h2Z\" \/>\n\t\t\t<\/svg>\n\t\t<\/button><\/figure>\n\n\n\n<figure class=\"wp-block-image size-full\"><img loading=\"lazy\" decoding=\"async\" width=\"430\" height=\"131\" src=\"https:\/\/sunatiger.ch\/wordpress\/wp-content\/uploads\/2025\/05\/lgo_berg-do_09nov.jpg\" alt=\"\" class=\"wp-image-218\" srcset=\"https:\/\/sunatiger.ch\/wordpress\/wp-content\/uploads\/2025\/05\/lgo_berg-do_09nov.jpg 430w, https:\/\/sunatiger.ch\/wordpress\/wp-content\/uploads\/2025\/05\/lgo_berg-do_09nov-300x91.jpg 300w\" sizes=\"auto, (max-width: 430px) 100vw, 430px\" \/><\/figure>\n\n\n\n<p>Bergf\u00fchrer Dominik GmbH<br>Steigstrasse 15<br>9436 Balgach<br>071 722 08 16<br>dominik(at)sunatiger.ch<\/p>\n\n\n\n<p><\/p>\n","protected":false},"excerpt":{"rendered":"<p>Lawinenkurse Die Sch\u00f6nheiten, die uns die winterlich verschneite Bergwelt bietet, birgt auch Gefahren und Risiken. Diese k\u00f6nnen minimiert werden, je mehr Wissen \u00fcber Schnee, Wetterlage und der daraus resultierenden Lawinengefahr vermittelt wird. Gemeinsam sicher unterwegs sein! Kletterkurse Gesichert durch ein solides Seil, hoch \u00fcber dem Boden die kantigen Felsw\u00e4nde erklimmen. Durch die am Kletterkurs erworbene &hellip; <a href=\"https:\/\/sunatiger.ch\/wordpress\/index.php\/bergerlebnisse\/kurse\/\" class=\"more-link\"><span class=\"screen-reader-text\">Kurse<\/span> weiterlesen <span class=\"meta-nav\">&rarr;<\/span><\/a><\/p>\n","protected":false},"author":1,"featured_media":233,"parent":39,"menu_order":0,"comment_status":"closed","ping_status":"closed","template":"","meta":{"ngg_post_thumbnail":0,"footnotes":""},"class_list":["post-317","page","type-page","status-publish","has-post-thumbnail","hentry"],"_links":{"self":[{"href":"https:\/\/sunatiger.ch\/wordpress\/index.php\/wp-json\/wp\/v2\/pages\/317","targetHints":{"allow":["GET"]}}],"collection":[{"href":"https:\/\/sunatiger.ch\/wordpress\/index.php\/wp-json\/wp\/v2\/pages"}],"about":[{"href":"https:\/\/sunatiger.ch\/wordpress\/index.php\/wp-json\/wp\/v2\/types\/page"}],"author":[{"embeddable":true,"href":"https:\/\/sunatiger.ch\/wordpress\/index.php\/wp-json\/wp\/v2\/users\/1"}],"replies":[{"embeddable":true,"href":"https:\/\/sunatiger.ch\/wordpress\/index.php\/wp-json\/wp\/v2\/comments?post=317"}],"version-history":[{"count":11,"href":"https:\/\/sunatiger.ch\/wordpress\/index.php\/wp-json\/wp\/v2\/pages\/317\/revisions"}],"predecessor-version":[{"id":480,"href":"https:\/\/sunatiger.ch\/wordpress\/index.php\/wp-json\/wp\/v2\/pages\/317\/revisions\/480"}],"up":[{"embeddable":true,"href":"https:\/\/sunatiger.ch\/wordpress\/index.php\/wp-json\/wp\/v2\/pages\/39"}],"wp:featuredmedia":[{"embeddable":true,"href":"https:\/\/sunatiger.ch\/wordpress\/index.php\/wp-json\/wp\/v2\/media\/233"}],"wp:attachment":[{"href":"https:\/\/sunatiger.ch\/wordpress\/index.php\/wp-json\/wp\/v2\/media?parent=317"}],"curies":[{"name":"wp","href":"https:\/\/api.w.org\/{rel}","templated":true}]}}