{"id":337,"date":"2025-05-19T23:50:58","date_gmt":"2025-05-19T21:50:58","guid":{"rendered":"https:\/\/sunatiger.ch\/wordpress\/?page_id=337"},"modified":"2026-01-08T16:08:50","modified_gmt":"2026-01-08T14:08:50","slug":"canyoning","status":"publish","type":"page","link":"https:\/\/sunatiger.ch\/wordpress\/index.php\/bergerlebnisse\/canyoning\/","title":{"rendered":"Canyoning"},"content":{"rendered":"\n<p>Warm eingepackt im Neoprenanzug wird in die Schlucht eingestiegen. Das kalte, glasklare Wasser umsp\u00fclt die geschliffenen Felsformationen. Auf dem Hosenboden geht es mit der Str\u00f6mung \u00fcber nat\u00fcrliche Rutschen. Am Seil werden Wasserf\u00e4lle \u00fcberwunden. Die nat\u00fcrlich geformten Steinbecken locken zum k\u00fchnen Sprung. Nirgendwo haben Farben eine solche Intensit\u00e4t.<\/p>\n\n\n\n<div class=\"wp-block-columns is-layout-flex wp-container-core-columns-is-layout-9d6595d7 wp-block-columns-is-layout-flex\">\n<div class=\"wp-block-column is-layout-flow wp-block-column-is-layout-flow\">\n<figure data-wp-context=\"{&quot;imageId&quot;:&quot;69ea3e2ad3fcb&quot;}\" data-wp-interactive=\"core\/image\" data-wp-key=\"69ea3e2ad3fcb\" class=\"wp-block-image size-large wp-lightbox-container\"><img loading=\"lazy\" decoding=\"async\" width=\"768\" height=\"1024\" data-wp-class--hide=\"state.isContentHidden\" data-wp-class--show=\"state.isContentVisible\" data-wp-init=\"callbacks.setButtonStyles\" data-wp-on--click=\"actions.showLightbox\" data-wp-on--load=\"callbacks.setButtonStyles\" data-wp-on-window--resize=\"callbacks.setButtonStyles\" src=\"https:\/\/sunatiger.ch\/wordpress\/wp-content\/uploads\/2025\/05\/IMG_1587-768x1024.jpg\" alt=\"\" class=\"wp-image-132\" srcset=\"https:\/\/sunatiger.ch\/wordpress\/wp-content\/uploads\/2025\/05\/IMG_1587-768x1024.jpg 768w, https:\/\/sunatiger.ch\/wordpress\/wp-content\/uploads\/2025\/05\/IMG_1587-225x300.jpg 225w, https:\/\/sunatiger.ch\/wordpress\/wp-content\/uploads\/2025\/05\/IMG_1587-1152x1536.jpg 1152w, https:\/\/sunatiger.ch\/wordpress\/wp-content\/uploads\/2025\/05\/IMG_1587-1536x2048.jpg 1536w, https:\/\/sunatiger.ch\/wordpress\/wp-content\/uploads\/2025\/05\/IMG_1587-scaled.jpg 1920w\" sizes=\"auto, (max-width: 768px) 100vw, 768px\" \/><button\n\t\t\tclass=\"lightbox-trigger\"\n\t\t\ttype=\"button\"\n\t\t\taria-haspopup=\"dialog\"\n\t\t\taria-label=\"Vergr\u00f6\u00dfern\"\n\t\t\tdata-wp-init=\"callbacks.initTriggerButton\"\n\t\t\tdata-wp-on--click=\"actions.showLightbox\"\n\t\t\tdata-wp-style--right=\"state.imageButtonRight\"\n\t\t\tdata-wp-style--top=\"state.imageButtonTop\"\n\t\t>\n\t\t\t<svg xmlns=\"http:\/\/www.w3.org\/2000\/svg\" width=\"12\" height=\"12\" fill=\"none\" viewBox=\"0 0 12 12\">\n\t\t\t\t<path fill=\"#fff\" d=\"M2 0a2 2 0 0 0-2 2v2h1.5V2a.5.5 0 0 1 .5-.5h2V0H2Zm2 10.5H2a.5.5 0 0 1-.5-.5V8H0v2a2 2 0 0 0 2 2h2v-1.5ZM8 12v-1.5h2a.5.5 0 0 0 .5-.5V8H12v2a2 2 0 0 1-2 2H8Zm2-12a2 2 0 0 1 2 2v2h-1.5V2a.5.5 0 0 0-.5-.5H8V0h2Z\" \/>\n\t\t\t<\/svg>\n\t\t<\/button><\/figure>\n<\/div>\n\n\n\n<div class=\"wp-block-column is-layout-flow wp-block-column-is-layout-flow\">\n<figure data-wp-context=\"{&quot;imageId&quot;:&quot;69ea3e2ad4695&quot;}\" data-wp-interactive=\"core\/image\" data-wp-key=\"69ea3e2ad4695\" class=\"wp-block-image size-large wp-lightbox-container\"><img loading=\"lazy\" decoding=\"async\" width=\"768\" height=\"1024\" data-wp-class--hide=\"state.isContentHidden\" data-wp-class--show=\"state.isContentVisible\" data-wp-init=\"callbacks.setButtonStyles\" data-wp-on--click=\"actions.showLightbox\" data-wp-on--load=\"callbacks.setButtonStyles\" data-wp-on-window--resize=\"callbacks.setButtonStyles\" src=\"https:\/\/sunatiger.ch\/wordpress\/wp-content\/uploads\/2025\/05\/IMG_1104-768x1024.jpg\" alt=\"\" class=\"wp-image-127\" srcset=\"https:\/\/sunatiger.ch\/wordpress\/wp-content\/uploads\/2025\/05\/IMG_1104-768x1024.jpg 768w, https:\/\/sunatiger.ch\/wordpress\/wp-content\/uploads\/2025\/05\/IMG_1104-225x300.jpg 225w, https:\/\/sunatiger.ch\/wordpress\/wp-content\/uploads\/2025\/05\/IMG_1104-1152x1536.jpg 1152w, https:\/\/sunatiger.ch\/wordpress\/wp-content\/uploads\/2025\/05\/IMG_1104-1536x2048.jpg 1536w, https:\/\/sunatiger.ch\/wordpress\/wp-content\/uploads\/2025\/05\/IMG_1104-scaled.jpg 1920w\" sizes=\"auto, (max-width: 768px) 100vw, 768px\" \/><button\n\t\t\tclass=\"lightbox-trigger\"\n\t\t\ttype=\"button\"\n\t\t\taria-haspopup=\"dialog\"\n\t\t\taria-label=\"Vergr\u00f6\u00dfern\"\n\t\t\tdata-wp-init=\"callbacks.initTriggerButton\"\n\t\t\tdata-wp-on--click=\"actions.showLightbox\"\n\t\t\tdata-wp-style--right=\"state.imageButtonRight\"\n\t\t\tdata-wp-style--top=\"state.imageButtonTop\"\n\t\t>\n\t\t\t<svg xmlns=\"http:\/\/www.w3.org\/2000\/svg\" width=\"12\" height=\"12\" fill=\"none\" viewBox=\"0 0 12 12\">\n\t\t\t\t<path fill=\"#fff\" d=\"M2 0a2 2 0 0 0-2 2v2h1.5V2a.5.5 0 0 1 .5-.5h2V0H2Zm2 10.5H2a.5.5 0 0 1-.5-.5V8H0v2a2 2 0 0 0 2 2h2v-1.5ZM8 12v-1.5h2a.5.5 0 0 0 .5-.5V8H12v2a2 2 0 0 1-2 2H8Zm2-12a2 2 0 0 1 2 2v2h-1.5V2a.5.5 0 0 0-.5-.5H8V0h2Z\" \/>\n\t\t\t<\/svg>\n\t\t<\/button><\/figure>\n<\/div>\n<\/div>\n\n\n\n<figure class=\"wp-block-image size-full\"><img loading=\"lazy\" decoding=\"async\" width=\"430\" height=\"131\" src=\"https:\/\/sunatiger.ch\/wordpress\/wp-content\/uploads\/2025\/05\/lgo_berg-do_09nov.jpg\" alt=\"\" class=\"wp-image-218\" srcset=\"https:\/\/sunatiger.ch\/wordpress\/wp-content\/uploads\/2025\/05\/lgo_berg-do_09nov.jpg 430w, https:\/\/sunatiger.ch\/wordpress\/wp-content\/uploads\/2025\/05\/lgo_berg-do_09nov-300x91.jpg 300w\" sizes=\"auto, (max-width: 430px) 100vw, 430px\" \/><\/figure>\n\n\n\n<p>Bergf\u00fchrer Dominik GmbH<br>Steigstrasse 15<br>9436 Balgach<br>071 722 08 16<br>dominik(at)sunatiger.ch<\/p>\n","protected":false},"excerpt":{"rendered":"<p>Warm eingepackt im Neoprenanzug wird in die Schlucht eingestiegen. Das kalte, glasklare Wasser umsp\u00fclt die geschliffenen Felsformationen. Auf dem Hosenboden geht es mit der Str\u00f6mung \u00fcber nat\u00fcrliche Rutschen. Am Seil werden Wasserf\u00e4lle \u00fcberwunden. Die nat\u00fcrlich geformten Steinbecken locken zum k\u00fchnen Sprung. Nirgendwo haben Farben eine solche Intensit\u00e4t. Bergf\u00fchrer Dominik GmbHSteigstrasse 159436 Balgach071 722 08 16dominik(at)sunatiger.ch<\/p>\n","protected":false},"author":1,"featured_media":134,"parent":39,"menu_order":0,"comment_status":"closed","ping_status":"closed","template":"","meta":{"ngg_post_thumbnail":0,"footnotes":""},"class_list":["post-337","page","type-page","status-publish","has-post-thumbnail","hentry"],"_links":{"self":[{"href":"https:\/\/sunatiger.ch\/wordpress\/index.php\/wp-json\/wp\/v2\/pages\/337","targetHints":{"allow":["GET"]}}],"collection":[{"href":"https:\/\/sunatiger.ch\/wordpress\/index.php\/wp-json\/wp\/v2\/pages"}],"about":[{"href":"https:\/\/sunatiger.ch\/wordpress\/index.php\/wp-json\/wp\/v2\/types\/page"}],"author":[{"embeddable":true,"href":"https:\/\/sunatiger.ch\/wordpress\/index.php\/wp-json\/wp\/v2\/users\/1"}],"replies":[{"embeddable":true,"href":"https:\/\/sunatiger.ch\/wordpress\/index.php\/wp-json\/wp\/v2\/comments?post=337"}],"version-history":[{"count":6,"href":"https:\/\/sunatiger.ch\/wordpress\/index.php\/wp-json\/wp\/v2\/pages\/337\/revisions"}],"predecessor-version":[{"id":477,"href":"https:\/\/sunatiger.ch\/wordpress\/index.php\/wp-json\/wp\/v2\/pages\/337\/revisions\/477"}],"up":[{"embeddable":true,"href":"https:\/\/sunatiger.ch\/wordpress\/index.php\/wp-json\/wp\/v2\/pages\/39"}],"wp:featuredmedia":[{"embeddable":true,"href":"https:\/\/sunatiger.ch\/wordpress\/index.php\/wp-json\/wp\/v2\/media\/134"}],"wp:attachment":[{"href":"https:\/\/sunatiger.ch\/wordpress\/index.php\/wp-json\/wp\/v2\/media?parent=337"}],"curies":[{"name":"wp","href":"https:\/\/api.w.org\/{rel}","templated":true}]}}