{"id":344,"date":"2025-05-20T00:03:58","date_gmt":"2025-05-19T22:03:58","guid":{"rendered":"https:\/\/sunatiger.ch\/wordpress\/?page_id=344"},"modified":"2025-05-22T11:54:53","modified_gmt":"2025-05-22T09:54:53","slug":"agb","status":"publish","type":"page","link":"https:\/\/sunatiger.ch\/wordpress\/index.php\/agb\/","title":{"rendered":"AGB"},"content":{"rendered":"\n<h5 class=\"wp-block-heading has-green-color has-text-color has-link-color wp-elements-39c05a31a05ad48ff73bd6d9c52d62ea\">Anmeldung<\/h5>\n\n\n\n<p>Mit der Anmeldung werden die Allgemeinen Bedingungen Bestandteil des Vertrages. Nach Erhalten der Anmeldung senden wir eine schriftliche Kursbest\u00e4tigung. Als solche gilt auch das Detailprogramm.<\/p>\n\n\n\n<h5 class=\"wp-block-heading has-green-color has-text-color has-link-color wp-elements-f4c420715e5f0c1fc1c7ebdefdabbb67\">R\u00fccktritt<\/h5>\n\n\n\n<p class=\"has-dark-gray-color has-text-color has-link-color wp-elements-b84307df5823a29092448a059f8d7877\">Annulliert ein Teilnehmer seine Buchung, werden folgende Kosten in Rechnung gestellt:<br>&#8211; von der Anmeldung bis einen Monat vor Kursbeginn 30% der Kurskosten.<br>&#8211; bis zwei Wochen vor Kursbeginn 80% der Kurskosten.<br>&#8211; bei sp\u00e4terer Abmeldung 100% der Kurskosten.<\/p>\n\n\n\n<h5 class=\"wp-block-heading has-green-color has-text-color has-link-color wp-elements-621a9099e9cbb1155d7413187db34a28\">Programm \u00c4nderungen<\/h5>\n\n\n\n<p class=\"has-dark-gray-color has-text-color has-link-color wp-elements-de9c4dab60273f2afce396f1149f6796\">Grunds\u00e4tzlich werden die Kurse durchgef\u00fchrt. Der Bergf\u00fchrer beh\u00e4lt sich jedoch das Recht vor, die Tour den vorherrschenden Bedingungen, subjektiven wie objektiven Gefahren anzupassen und gegebenenfalls Gebietswechsel vorzunehmen. Allf\u00e4llige Mehrkosten welche dadurch anfallen, werden (nach Absprache) vom Teilnehmer \u00fcbernommen. Bei ung\u00fcnstiger Teilnehmerzahl sind wir berechtigt den Kurs abzusagen oder ein Alternativprogramm zusammenzustellen. Im Einverst\u00e4ndnis mit den Teilnehmern kann die Tour mit einem kostendeckenden Aufpreis durchgef\u00fchrt werden.<\/p>\n\n\n\n<h5 class=\"wp-block-heading has-green-color has-text-color has-link-color wp-elements-1bf9c22b497433bb96fc25f6e831609a\">Versicherung<\/h5>\n\n\n\n<p class=\"has-dark-gray-color has-text-color has-link-color wp-elements-c97e771272b11f3a216a80b066d48be9\">Der Teilnehmer verpflichtet sich f\u00fcr gen\u00fcgenden Versicherungsschutz. Die Unfallversicherung ist obligatorisch. Eine Reiseannullationskosten-Versicherung wird empfohlen.<\/p>\n\n\n\n<h5 class=\"wp-block-heading has-green-color has-text-color has-link-color wp-elements-f5127de6519ead52dbffec399e445880\">Gerichtsstand<\/h5>\n\n\n\n<p class=\"has-dark-gray-color has-text-color has-link-color wp-elements-fc8efd73256b92a0feadd7f5350d0c2c\">Die Vertr\u00e4ge, die auf Grund dieser AGB abgeschlossen werden unterstehen ausschliesslich schweizerischem Recht, unabh\u00e4ngig von Nationalit\u00e4t des Teilnehmers und Schadensort. Gerichtsort ist St. Gallen.<br><\/p>\n","protected":false},"excerpt":{"rendered":"<p>Anmeldung Mit der Anmeldung werden die Allgemeinen Bedingungen Bestandteil des Vertrages. Nach Erhalten der Anmeldung senden wir eine schriftliche Kursbest\u00e4tigung. Als solche gilt auch das Detailprogramm. R\u00fccktritt Annulliert ein Teilnehmer seine Buchung, werden folgende Kosten in Rechnung gestellt:&#8211; von der Anmeldung bis einen Monat vor Kursbeginn 30% der Kurskosten.&#8211; bis zwei Wochen vor Kursbeginn 80% &hellip; <a href=\"https:\/\/sunatiger.ch\/wordpress\/index.php\/agb\/\" class=\"more-link\"><span class=\"screen-reader-text\">AGB<\/span> weiterlesen <span class=\"meta-nav\">&rarr;<\/span><\/a><\/p>\n","protected":false},"author":1,"featured_media":244,"parent":0,"menu_order":80,"comment_status":"closed","ping_status":"closed","template":"","meta":{"ngg_post_thumbnail":0,"footnotes":""},"class_list":["post-344","page","type-page","status-publish","has-post-thumbnail","hentry"],"_links":{"self":[{"href":"https:\/\/sunatiger.ch\/wordpress\/index.php\/wp-json\/wp\/v2\/pages\/344","targetHints":{"allow":["GET"]}}],"collection":[{"href":"https:\/\/sunatiger.ch\/wordpress\/index.php\/wp-json\/wp\/v2\/pages"}],"about":[{"href":"https:\/\/sunatiger.ch\/wordpress\/index.php\/wp-json\/wp\/v2\/types\/page"}],"author":[{"embeddable":true,"href":"https:\/\/sunatiger.ch\/wordpress\/index.php\/wp-json\/wp\/v2\/users\/1"}],"replies":[{"embeddable":true,"href":"https:\/\/sunatiger.ch\/wordpress\/index.php\/wp-json\/wp\/v2\/comments?post=344"}],"version-history":[{"count":3,"href":"https:\/\/sunatiger.ch\/wordpress\/index.php\/wp-json\/wp\/v2\/pages\/344\/revisions"}],"predecessor-version":[{"id":454,"href":"https:\/\/sunatiger.ch\/wordpress\/index.php\/wp-json\/wp\/v2\/pages\/344\/revisions\/454"}],"wp:featuredmedia":[{"embeddable":true,"href":"https:\/\/sunatiger.ch\/wordpress\/index.php\/wp-json\/wp\/v2\/media\/244"}],"wp:attachment":[{"href":"https:\/\/sunatiger.ch\/wordpress\/index.php\/wp-json\/wp\/v2\/media?parent=344"}],"curies":[{"name":"wp","href":"https:\/\/api.w.org\/{rel}","templated":true}]}}