{"id":349,"date":"2025-05-20T00:17:59","date_gmt":"2025-05-19T22:17:59","guid":{"rendered":"https:\/\/sunatiger.ch\/wordpress\/?page_id=349"},"modified":"2026-01-08T16:09:25","modified_gmt":"2026-01-08T14:09:25","slug":"hochtouren-2","status":"publish","type":"page","link":"https:\/\/sunatiger.ch\/wordpress\/index.php\/bergerlebnisse\/hochtouren-2\/","title":{"rendered":"Hochtouren"},"content":{"rendered":"\n<p>Raus aus dem Alltag, das ticken der Uhr verstummt. Sonne, Wind und Wetter bestimmen das Vorankommen am Berg. Spitze Steigeisen auf klirrendem Gletschereis&nbsp; sichern den Schritt auf jedem H\u00f6henmeter. Der erreichte Gipfel mit seiner atemberaubenden Weitsicht l\u00e4sst die Spannung hinter sich und beruhigt den Puls.<\/p>\n\n\n\n<figure data-wp-context=\"{&quot;imageId&quot;:&quot;69ea5780d7d38&quot;}\" data-wp-interactive=\"core\/image\" data-wp-key=\"69ea5780d7d38\" class=\"wp-block-image size-large wp-lightbox-container\"><img loading=\"lazy\" decoding=\"async\" width=\"1024\" height=\"295\" data-wp-class--hide=\"state.isContentHidden\" data-wp-class--show=\"state.isContentVisible\" data-wp-init=\"callbacks.setButtonStyles\" data-wp-on--click=\"actions.showLightbox\" data-wp-on--load=\"callbacks.setButtonStyles\" data-wp-on-window--resize=\"callbacks.setButtonStyles\" src=\"https:\/\/sunatiger.ch\/wordpress\/wp-content\/uploads\/2025\/05\/IMG_1638-1024x295.jpg\" alt=\"\" class=\"wp-image-94\" srcset=\"https:\/\/sunatiger.ch\/wordpress\/wp-content\/uploads\/2025\/05\/IMG_1638-1024x295.jpg 1024w, https:\/\/sunatiger.ch\/wordpress\/wp-content\/uploads\/2025\/05\/IMG_1638-300x86.jpg 300w, https:\/\/sunatiger.ch\/wordpress\/wp-content\/uploads\/2025\/05\/IMG_1638-768x221.jpg 768w, https:\/\/sunatiger.ch\/wordpress\/wp-content\/uploads\/2025\/05\/IMG_1638-1536x442.jpg 1536w, https:\/\/sunatiger.ch\/wordpress\/wp-content\/uploads\/2025\/05\/IMG_1638-2048x590.jpg 2048w\" sizes=\"auto, (max-width: 1024px) 100vw, 1024px\" \/><button\n\t\t\tclass=\"lightbox-trigger\"\n\t\t\ttype=\"button\"\n\t\t\taria-haspopup=\"dialog\"\n\t\t\taria-label=\"Vergr\u00f6\u00dfern\"\n\t\t\tdata-wp-init=\"callbacks.initTriggerButton\"\n\t\t\tdata-wp-on--click=\"actions.showLightbox\"\n\t\t\tdata-wp-style--right=\"state.imageButtonRight\"\n\t\t\tdata-wp-style--top=\"state.imageButtonTop\"\n\t\t>\n\t\t\t<svg xmlns=\"http:\/\/www.w3.org\/2000\/svg\" width=\"12\" height=\"12\" fill=\"none\" viewBox=\"0 0 12 12\">\n\t\t\t\t<path fill=\"#fff\" d=\"M2 0a2 2 0 0 0-2 2v2h1.5V2a.5.5 0 0 1 .5-.5h2V0H2Zm2 10.5H2a.5.5 0 0 1-.5-.5V8H0v2a2 2 0 0 0 2 2h2v-1.5ZM8 12v-1.5h2a.5.5 0 0 0 .5-.5V8H12v2a2 2 0 0 1-2 2H8Zm2-12a2 2 0 0 1 2 2v2h-1.5V2a.5.5 0 0 0-.5-.5H8V0h2Z\" \/>\n\t\t\t<\/svg>\n\t\t<\/button><\/figure>\n\n\n\n<figure class=\"wp-block-image size-full\"><img loading=\"lazy\" decoding=\"async\" width=\"430\" height=\"131\" src=\"https:\/\/sunatiger.ch\/wordpress\/wp-content\/uploads\/2025\/05\/lgo_berg-do_09nov.jpg\" alt=\"\" class=\"wp-image-218\" srcset=\"https:\/\/sunatiger.ch\/wordpress\/wp-content\/uploads\/2025\/05\/lgo_berg-do_09nov.jpg 430w, https:\/\/sunatiger.ch\/wordpress\/wp-content\/uploads\/2025\/05\/lgo_berg-do_09nov-300x91.jpg 300w\" sizes=\"auto, (max-width: 430px) 100vw, 430px\" \/><\/figure>\n\n\n\n<p>Bergf\u00fchrer Dominik GmbH<br>Steigstrasse 15<br>9436 Balgach<br>071 722 08 16<br>dominik(at)sunatiger.ch<\/p>\n","protected":false},"excerpt":{"rendered":"<p>Raus aus dem Alltag, das ticken der Uhr verstummt. Sonne, Wind und Wetter bestimmen das Vorankommen am Berg. Spitze Steigeisen auf klirrendem Gletschereis&nbsp; sichern den Schritt auf jedem H\u00f6henmeter. Der erreichte Gipfel mit seiner atemberaubenden Weitsicht l\u00e4sst die Spannung hinter sich und beruhigt den Puls. Bergf\u00fchrer Dominik GmbHSteigstrasse 159436 Balgach071 722 08 16dominik(at)sunatiger.ch<\/p>\n","protected":false},"author":1,"featured_media":93,"parent":39,"menu_order":0,"comment_status":"closed","ping_status":"closed","template":"","meta":{"ngg_post_thumbnail":0,"footnotes":""},"class_list":["post-349","page","type-page","status-publish","has-post-thumbnail","hentry"],"_links":{"self":[{"href":"https:\/\/sunatiger.ch\/wordpress\/index.php\/wp-json\/wp\/v2\/pages\/349","targetHints":{"allow":["GET"]}}],"collection":[{"href":"https:\/\/sunatiger.ch\/wordpress\/index.php\/wp-json\/wp\/v2\/pages"}],"about":[{"href":"https:\/\/sunatiger.ch\/wordpress\/index.php\/wp-json\/wp\/v2\/types\/page"}],"author":[{"embeddable":true,"href":"https:\/\/sunatiger.ch\/wordpress\/index.php\/wp-json\/wp\/v2\/users\/1"}],"replies":[{"embeddable":true,"href":"https:\/\/sunatiger.ch\/wordpress\/index.php\/wp-json\/wp\/v2\/comments?post=349"}],"version-history":[{"count":9,"href":"https:\/\/sunatiger.ch\/wordpress\/index.php\/wp-json\/wp\/v2\/pages\/349\/revisions"}],"predecessor-version":[{"id":479,"href":"https:\/\/sunatiger.ch\/wordpress\/index.php\/wp-json\/wp\/v2\/pages\/349\/revisions\/479"}],"up":[{"embeddable":true,"href":"https:\/\/sunatiger.ch\/wordpress\/index.php\/wp-json\/wp\/v2\/pages\/39"}],"wp:featuredmedia":[{"embeddable":true,"href":"https:\/\/sunatiger.ch\/wordpress\/index.php\/wp-json\/wp\/v2\/media\/93"}],"wp:attachment":[{"href":"https:\/\/sunatiger.ch\/wordpress\/index.php\/wp-json\/wp\/v2\/media?parent=349"}],"curies":[{"name":"wp","href":"https:\/\/api.w.org\/{rel}","templated":true}]}}