{"id":45,"date":"2025-05-09T14:42:37","date_gmt":"2025-05-09T14:42:37","guid":{"rendered":"https:\/\/sunatiger.ch\/wordpress\/?page_id=45"},"modified":"2026-02-06T11:08:01","modified_gmt":"2026-02-06T09:08:01","slug":"skitouren-snowboardtouren","status":"publish","type":"page","link":"https:\/\/sunatiger.ch\/wordpress\/index.php\/bergerlebnisse\/skitouren-snowboardtouren\/","title":{"rendered":"Skitouren \/ Snowboardtouren"},"content":{"rendered":"\n<p>Seit Tagen schneit es. Unber\u00fchrte Pulverh\u00e4nge locken mit ihrem Glitzern. Der flockige Schnee knirscht unter den F\u00fcssen. Die Sonnenbrille sch\u00fctzt die Augen vor dem gleissenden Licht. Mit jeder neuen Anstrengung steigt die Freude auf die stiebende Abfahrt. Schwung um Schwung werden Spuren in den ausgiebigen Steilhang gezogen.<\/p>\n\n\n<div class=\"wp-block-image\">\n<figure class=\"aligncenter size-large is-resized\"><img loading=\"lazy\" decoding=\"async\" width=\"1024\" height=\"256\" src=\"https:\/\/sunatiger.ch\/wordpress\/wp-content\/uploads\/2026\/02\/Logo_SelunBindings_farbig-2-1024x256.png\" alt=\"\" class=\"wp-image-494\" style=\"width:419px;height:auto\" srcset=\"https:\/\/sunatiger.ch\/wordpress\/wp-content\/uploads\/2026\/02\/Logo_SelunBindings_farbig-2-1024x256.png 1024w, https:\/\/sunatiger.ch\/wordpress\/wp-content\/uploads\/2026\/02\/Logo_SelunBindings_farbig-2-300x75.png 300w, https:\/\/sunatiger.ch\/wordpress\/wp-content\/uploads\/2026\/02\/Logo_SelunBindings_farbig-2-768x192.png 768w, https:\/\/sunatiger.ch\/wordpress\/wp-content\/uploads\/2026\/02\/Logo_SelunBindings_farbig-2-1536x384.png 1536w, https:\/\/sunatiger.ch\/wordpress\/wp-content\/uploads\/2026\/02\/Logo_SelunBindings_farbig-2-2048x511.png 2048w\" sizes=\"auto, (max-width: 1024px) 100vw, 1024px\" \/><\/figure>\n<\/div>\n\n\n<div class=\"wp-block-columns are-vertically-aligned-top is-layout-flex wp-container-core-columns-is-layout-9d6595d7 wp-block-columns-is-layout-flex\">\n<div class=\"wp-block-column is-vertically-aligned-top is-layout-flow wp-block-column-is-layout-flow\" style=\"flex-basis:100%\">\n<figure class=\"wp-block-image size-large\"><img loading=\"lazy\" decoding=\"async\" width=\"461\" height=\"1024\" src=\"https:\/\/sunatiger.ch\/wordpress\/wp-content\/uploads\/2025\/05\/JOYX7376-461x1024.jpg\" alt=\"\" class=\"wp-image-204\" srcset=\"https:\/\/sunatiger.ch\/wordpress\/wp-content\/uploads\/2025\/05\/JOYX7376-461x1024.jpg 461w, https:\/\/sunatiger.ch\/wordpress\/wp-content\/uploads\/2025\/05\/JOYX7376-135x300.jpg 135w, https:\/\/sunatiger.ch\/wordpress\/wp-content\/uploads\/2025\/05\/JOYX7376-692x1536.jpg 692w, https:\/\/sunatiger.ch\/wordpress\/wp-content\/uploads\/2025\/05\/JOYX7376.jpg 721w\" sizes=\"auto, (max-width: 461px) 100vw, 461px\" \/><\/figure>\n<\/div>\n<\/div>\n\n\n\n<figure class=\"wp-block-image size-full\"><img loading=\"lazy\" decoding=\"async\" width=\"430\" height=\"131\" src=\"https:\/\/sunatiger.ch\/wordpress\/wp-content\/uploads\/2025\/05\/lgo_berg-do_09nov.jpg\" alt=\"\" class=\"wp-image-218\" srcset=\"https:\/\/sunatiger.ch\/wordpress\/wp-content\/uploads\/2025\/05\/lgo_berg-do_09nov.jpg 430w, https:\/\/sunatiger.ch\/wordpress\/wp-content\/uploads\/2025\/05\/lgo_berg-do_09nov-300x91.jpg 300w\" sizes=\"auto, (max-width: 430px) 100vw, 430px\" \/><\/figure>\n\n\n\n<p>Bergf\u00fchrer Dominik GmbH<br>Steigstrasse 15<br>9436 Balgach<br>071 722 08 16<br>dominik(at)sunatiger.ch<\/p>\n","protected":false},"excerpt":{"rendered":"<p>Seit Tagen schneit es. Unber\u00fchrte Pulverh\u00e4nge locken mit ihrem Glitzern. Der flockige Schnee knirscht unter den F\u00fcssen. Die Sonnenbrille sch\u00fctzt die Augen vor dem gleissenden Licht. Mit jeder neuen Anstrengung steigt die Freude auf die stiebende Abfahrt. Schwung um Schwung werden Spuren in den ausgiebigen Steilhang gezogen. Bergf\u00fchrer Dominik GmbHSteigstrasse 159436 Balgach071 722 08 16dominik(at)sunatiger.ch<\/p>\n","protected":false},"author":1,"featured_media":87,"parent":39,"menu_order":0,"comment_status":"closed","ping_status":"closed","template":"","meta":{"ngg_post_thumbnail":0,"footnotes":""},"class_list":["post-45","page","type-page","status-publish","has-post-thumbnail","hentry"],"_links":{"self":[{"href":"https:\/\/sunatiger.ch\/wordpress\/index.php\/wp-json\/wp\/v2\/pages\/45","targetHints":{"allow":["GET"]}}],"collection":[{"href":"https:\/\/sunatiger.ch\/wordpress\/index.php\/wp-json\/wp\/v2\/pages"}],"about":[{"href":"https:\/\/sunatiger.ch\/wordpress\/index.php\/wp-json\/wp\/v2\/types\/page"}],"author":[{"embeddable":true,"href":"https:\/\/sunatiger.ch\/wordpress\/index.php\/wp-json\/wp\/v2\/users\/1"}],"replies":[{"embeddable":true,"href":"https:\/\/sunatiger.ch\/wordpress\/index.php\/wp-json\/wp\/v2\/comments?post=45"}],"version-history":[{"count":11,"href":"https:\/\/sunatiger.ch\/wordpress\/index.php\/wp-json\/wp\/v2\/pages\/45\/revisions"}],"predecessor-version":[{"id":495,"href":"https:\/\/sunatiger.ch\/wordpress\/index.php\/wp-json\/wp\/v2\/pages\/45\/revisions\/495"}],"up":[{"embeddable":true,"href":"https:\/\/sunatiger.ch\/wordpress\/index.php\/wp-json\/wp\/v2\/pages\/39"}],"wp:featuredmedia":[{"embeddable":true,"href":"https:\/\/sunatiger.ch\/wordpress\/index.php\/wp-json\/wp\/v2\/media\/87"}],"wp:attachment":[{"href":"https:\/\/sunatiger.ch\/wordpress\/index.php\/wp-json\/wp\/v2\/media?parent=45"}],"curies":[{"name":"wp","href":"https:\/\/api.w.org\/{rel}","templated":true}]}}