{"id":55,"date":"2025-05-09T14:55:31","date_gmt":"2025-05-09T14:55:31","guid":{"rendered":"https:\/\/sunatiger.ch\/wordpress\/?page_id=55"},"modified":"2026-01-08T16:10:10","modified_gmt":"2026-01-08T14:10:10","slug":"schneeschuhtouren","status":"publish","type":"page","link":"https:\/\/sunatiger.ch\/wordpress\/index.php\/bergerlebnisse\/schneeschuhtouren\/","title":{"rendered":"Schneeschuhtouren"},"content":{"rendered":"\n<p>Unterwegs in abgelegenen Gegenden umgeben von Wald oder markanten Felsen der Stille lauschen, den eigenen Atem sp\u00fcren. Aus eigener Kraft wird die pers\u00f6nliche Spur respektvoll in den Lebensraum Natur gezogen.<\/p>\n\n\n\n<figure class=\"wp-block-image size-large\"><img loading=\"lazy\" decoding=\"async\" width=\"768\" height=\"1024\" src=\"https:\/\/sunatiger.ch\/wordpress\/wp-content\/uploads\/2025\/05\/IMG_0061-768x1024.jpg\" alt=\"\" class=\"wp-image-185\" srcset=\"https:\/\/sunatiger.ch\/wordpress\/wp-content\/uploads\/2025\/05\/IMG_0061-768x1024.jpg 768w, https:\/\/sunatiger.ch\/wordpress\/wp-content\/uploads\/2025\/05\/IMG_0061-225x300.jpg 225w, https:\/\/sunatiger.ch\/wordpress\/wp-content\/uploads\/2025\/05\/IMG_0061-1152x1536.jpg 1152w, https:\/\/sunatiger.ch\/wordpress\/wp-content\/uploads\/2025\/05\/IMG_0061-1536x2048.jpg 1536w, https:\/\/sunatiger.ch\/wordpress\/wp-content\/uploads\/2025\/05\/IMG_0061-scaled.jpg 1920w\" sizes=\"auto, (max-width: 768px) 100vw, 768px\" \/><\/figure>\n\n\n\n<figure class=\"wp-block-image size-full\"><img loading=\"lazy\" decoding=\"async\" width=\"430\" height=\"131\" src=\"https:\/\/sunatiger.ch\/wordpress\/wp-content\/uploads\/2025\/05\/lgo_berg-do_09nov.jpg\" alt=\"\" class=\"wp-image-218\" srcset=\"https:\/\/sunatiger.ch\/wordpress\/wp-content\/uploads\/2025\/05\/lgo_berg-do_09nov.jpg 430w, https:\/\/sunatiger.ch\/wordpress\/wp-content\/uploads\/2025\/05\/lgo_berg-do_09nov-300x91.jpg 300w\" sizes=\"auto, (max-width: 430px) 100vw, 430px\" \/><\/figure>\n\n\n\n<p>Bergf\u00fchrer Dominik GmbH<br>Steigstrasse 15<br>9436 Balgach<br>071 722 08 16<br>dominik(at)sunatiger.ch<\/p>\n\n\n\n<p><\/p>\n","protected":false},"excerpt":{"rendered":"<p>Unterwegs in abgelegenen Gegenden umgeben von Wald oder markanten Felsen der Stille lauschen, den eigenen Atem sp\u00fcren. Aus eigener Kraft wird die pers\u00f6nliche Spur respektvoll in den Lebensraum Natur gezogen. Bergf\u00fchrer Dominik GmbHSteigstrasse 159436 Balgach071 722 08 16dominik(at)sunatiger.ch<\/p>\n","protected":false},"author":1,"featured_media":183,"parent":39,"menu_order":0,"comment_status":"closed","ping_status":"closed","template":"","meta":{"ngg_post_thumbnail":0,"footnotes":""},"class_list":["post-55","page","type-page","status-publish","has-post-thumbnail","hentry"],"_links":{"self":[{"href":"https:\/\/sunatiger.ch\/wordpress\/index.php\/wp-json\/wp\/v2\/pages\/55","targetHints":{"allow":["GET"]}}],"collection":[{"href":"https:\/\/sunatiger.ch\/wordpress\/index.php\/wp-json\/wp\/v2\/pages"}],"about":[{"href":"https:\/\/sunatiger.ch\/wordpress\/index.php\/wp-json\/wp\/v2\/types\/page"}],"author":[{"embeddable":true,"href":"https:\/\/sunatiger.ch\/wordpress\/index.php\/wp-json\/wp\/v2\/users\/1"}],"replies":[{"embeddable":true,"href":"https:\/\/sunatiger.ch\/wordpress\/index.php\/wp-json\/wp\/v2\/comments?post=55"}],"version-history":[{"count":10,"href":"https:\/\/sunatiger.ch\/wordpress\/index.php\/wp-json\/wp\/v2\/pages\/55\/revisions"}],"predecessor-version":[{"id":481,"href":"https:\/\/sunatiger.ch\/wordpress\/index.php\/wp-json\/wp\/v2\/pages\/55\/revisions\/481"}],"up":[{"embeddable":true,"href":"https:\/\/sunatiger.ch\/wordpress\/index.php\/wp-json\/wp\/v2\/pages\/39"}],"wp:featuredmedia":[{"embeddable":true,"href":"https:\/\/sunatiger.ch\/wordpress\/index.php\/wp-json\/wp\/v2\/media\/183"}],"wp:attachment":[{"href":"https:\/\/sunatiger.ch\/wordpress\/index.php\/wp-json\/wp\/v2\/media?parent=55"}],"curies":[{"name":"wp","href":"https:\/\/api.w.org\/{rel}","templated":true}]}}