{"id":75,"date":"2025-05-19T11:52:13","date_gmt":"2025-05-19T09:52:13","guid":{"rendered":"https:\/\/sunatiger.ch\/wordpress\/?page_id=75"},"modified":"2026-01-08T16:26:46","modified_gmt":"2026-01-08T14:26:46","slug":"team","status":"publish","type":"page","link":"https:\/\/sunatiger.ch\/wordpress\/index.php\/team\/","title":{"rendered":"Team"},"content":{"rendered":"\n<h3 class=\"wp-block-heading has-text-align-left has-white-color has-green-background-color has-text-color has-background has-link-color wp-elements-8d12074ac6d232be432cb8748ba99750\">Dominik Suntinger<\/h3>\n\n\n\n<div class=\"wp-block-columns is-layout-flex wp-container-core-columns-is-layout-9d6595d7 wp-block-columns-is-layout-flex\">\n<div class=\"wp-block-column is-layout-flow wp-block-column-is-layout-flow\">\n<figure class=\"wp-block-image size-large\"><img loading=\"lazy\" decoding=\"async\" width=\"768\" height=\"1024\" src=\"https:\/\/sunatiger.ch\/wordpress\/wp-content\/uploads\/2025\/05\/P1310044-768x1024.jpg\" alt=\"\" class=\"wp-image-231\" srcset=\"https:\/\/sunatiger.ch\/wordpress\/wp-content\/uploads\/2025\/05\/P1310044-768x1024.jpg 768w, https:\/\/sunatiger.ch\/wordpress\/wp-content\/uploads\/2025\/05\/P1310044-225x300.jpg 225w, https:\/\/sunatiger.ch\/wordpress\/wp-content\/uploads\/2025\/05\/P1310044-1152x1536.jpg 1152w, https:\/\/sunatiger.ch\/wordpress\/wp-content\/uploads\/2025\/05\/P1310044-1536x2048.jpg 1536w, https:\/\/sunatiger.ch\/wordpress\/wp-content\/uploads\/2025\/05\/P1310044-scaled.jpg 1920w\" sizes=\"auto, (max-width: 768px) 100vw, 768px\" \/><\/figure>\n\n\n\n<p><\/p>\n<\/div>\n\n\n\n<div class=\"wp-block-column has-dark-gray-color has-white-background-color has-text-color has-background has-link-color wp-elements-61c78230ff04dd487019f14700435cd0 is-layout-flow wp-block-column-is-layout-flow\">\n<p style=\"font-size:17px\">1999 &#8211; M\u00f6belschreiner EFZ<\/p>\n\n\n\n<p class=\"has-text-align-left\" style=\"font-size:17px\">2003 &#8211; Canyoningguide SBV<\/p>\n\n\n\n<p class=\"has-text-align-left\" style=\"font-size:17px\">2004 &#8211; Ski- und Bergf\u00fchrer IVBV<\/p>\n\n\n\n<p class=\"has-text-align-left\" style=\"font-size:17px\">2009 &#8211; H\u00f6henarbeiter L3 SHRV + SBV<\/p>\n\n\n\n<p class=\"has-text-align-left\" style=\"font-size:17px\">2014 &#8211; Rettunsspezialist Helikopter REGA<\/p>\n<\/div>\n<\/div>\n\n\n\n<h3 class=\"wp-block-heading has-text-align-left has-white-color has-green-background-color has-text-color has-background has-link-color wp-elements-ab8d933dbb9b53fcf2a3f91a35850e57\">Angelika Suntinger<\/h3>\n\n\n\n<div class=\"wp-block-columns is-layout-flex wp-container-core-columns-is-layout-9d6595d7 wp-block-columns-is-layout-flex\">\n<div class=\"wp-block-column is-layout-flow wp-block-column-is-layout-flow\">\n<figure class=\"wp-block-image size-large\"><img loading=\"lazy\" decoding=\"async\" width=\"1024\" height=\"945\" src=\"https:\/\/sunatiger.ch\/wordpress\/wp-content\/uploads\/2025\/05\/Angelika-1024x945.jpg\" alt=\"\" class=\"wp-image-232\" srcset=\"https:\/\/sunatiger.ch\/wordpress\/wp-content\/uploads\/2025\/05\/Angelika-1024x945.jpg 1024w, https:\/\/sunatiger.ch\/wordpress\/wp-content\/uploads\/2025\/05\/Angelika-300x277.jpg 300w, https:\/\/sunatiger.ch\/wordpress\/wp-content\/uploads\/2025\/05\/Angelika-768x709.jpg 768w, https:\/\/sunatiger.ch\/wordpress\/wp-content\/uploads\/2025\/05\/Angelika-1536x1418.jpg 1536w, https:\/\/sunatiger.ch\/wordpress\/wp-content\/uploads\/2025\/05\/Angelika-2048x1891.jpg 2048w\" sizes=\"auto, (max-width: 1024px) 100vw, 1024px\" \/><\/figure>\n<\/div>\n\n\n\n<div class=\"wp-block-column is-layout-flow wp-block-column-is-layout-flow\" style=\"font-size:32px\">\n<p style=\"font-size:17px\">Kundenkontakt<br><br>Administration<br><br><br><br><br><\/p>\n<\/div>\n<\/div>\n\n\n\n<figure class=\"wp-block-image size-full\"><img loading=\"lazy\" decoding=\"async\" width=\"430\" height=\"131\" src=\"https:\/\/sunatiger.ch\/wordpress\/wp-content\/uploads\/2025\/05\/lgo_berg-do_09nov.jpg\" alt=\"\" class=\"wp-image-218\" srcset=\"https:\/\/sunatiger.ch\/wordpress\/wp-content\/uploads\/2025\/05\/lgo_berg-do_09nov.jpg 430w, https:\/\/sunatiger.ch\/wordpress\/wp-content\/uploads\/2025\/05\/lgo_berg-do_09nov-300x91.jpg 300w\" sizes=\"auto, (max-width: 430px) 100vw, 430px\" \/><\/figure>\n\n\n\n<p>Bergf\u00fchrer Dominik GmbH<br>Steigstrasse 15<br>9436 Balgach<br>071 722 08 16<br>dominik(at)sunatiger.ch<\/p>\n\n\n\n<p><\/p>\n","protected":false},"excerpt":{"rendered":"<p>Dominik Suntinger 1999 &#8211; M\u00f6belschreiner EFZ 2003 &#8211; Canyoningguide SBV 2004 &#8211; Ski- und Bergf\u00fchrer IVBV 2009 &#8211; H\u00f6henarbeiter L3 SHRV + SBV 2014 &#8211; Rettunsspezialist Helikopter REGA Angelika Suntinger Kundenkontakt Administration Bergf\u00fchrer Dominik GmbHSteigstrasse 159436 Balgach071 722 08 16dominik(at)sunatiger.ch<\/p>\n","protected":false},"author":1,"featured_media":140,"parent":0,"menu_order":60,"comment_status":"closed","ping_status":"closed","template":"","meta":{"ngg_post_thumbnail":0,"footnotes":""},"class_list":["post-75","page","type-page","status-publish","has-post-thumbnail","hentry"],"_links":{"self":[{"href":"https:\/\/sunatiger.ch\/wordpress\/index.php\/wp-json\/wp\/v2\/pages\/75","targetHints":{"allow":["GET"]}}],"collection":[{"href":"https:\/\/sunatiger.ch\/wordpress\/index.php\/wp-json\/wp\/v2\/pages"}],"about":[{"href":"https:\/\/sunatiger.ch\/wordpress\/index.php\/wp-json\/wp\/v2\/types\/page"}],"author":[{"embeddable":true,"href":"https:\/\/sunatiger.ch\/wordpress\/index.php\/wp-json\/wp\/v2\/users\/1"}],"replies":[{"embeddable":true,"href":"https:\/\/sunatiger.ch\/wordpress\/index.php\/wp-json\/wp\/v2\/comments?post=75"}],"version-history":[{"count":15,"href":"https:\/\/sunatiger.ch\/wordpress\/index.php\/wp-json\/wp\/v2\/pages\/75\/revisions"}],"predecessor-version":[{"id":487,"href":"https:\/\/sunatiger.ch\/wordpress\/index.php\/wp-json\/wp\/v2\/pages\/75\/revisions\/487"}],"wp:featuredmedia":[{"embeddable":true,"href":"https:\/\/sunatiger.ch\/wordpress\/index.php\/wp-json\/wp\/v2\/media\/140"}],"wp:attachment":[{"href":"https:\/\/sunatiger.ch\/wordpress\/index.php\/wp-json\/wp\/v2\/media?parent=75"}],"curies":[{"name":"wp","href":"https:\/\/api.w.org\/{rel}","templated":true}]}}